{"id":25,"date":"2021-09-09T11:44:38","date_gmt":"2021-09-09T09:44:38","guid":{"rendered":"http:\/\/alzheimer-formation.org\/?page_id=25"},"modified":"2021-09-30T15:36:05","modified_gmt":"2021-09-30T13:36:05","slug":"contact","status":"publish","type":"page","link":"https:\/\/alzheimer-formation.org\/index.php\/contact\/","title":{"rendered":"CONTACT"},"content":{"rendered":"<div class='flex_column_table av-equal-height-column-flextable -flextable' ><div class=\"flex_column av_one_third  flex_column_table_cell av-equal-height-column av-align-middle first  avia-builder-el-0  el_before_av_two_third  avia-builder-el-first  \" style='background: #3b7ea0; padding:5%; background-color:#3b7ea0; border-radius:10px; '><section class=\"av_textblock_section \"  itemscope=\"itemscope\" itemtype=\"https:\/\/schema.org\/CreativeWork\" ><div class='avia_textblock  '   itemprop=\"text\" ><p style=\"text-align: center;\"><span style=\"color: #ffffff;\"><strong>VOUS POUVEZ NOUS CONTACTER<\/strong><\/span><\/p>\n<p style=\"text-align: center;\"><span style=\"color: #ffffff;\">Par t\u00e9l\u00e9phone au <\/span><br \/>\n<span style=\"color: #ffffff;\"><strong>01 42 17 75 19<\/strong><\/span><\/p>\n<p style=\"text-align: center;\">\n<p style=\"text-align: center;\"><span style=\"color: #ffffff;\">Par courrier \u00e0 l\u2019adresse suivante :<\/span><br \/>\n<span style=\"color: #ffffff;\">Fondation Recherche Alzheimer<\/span><br \/>\n<span style=\"color: #ffffff;\">Groupe Hospitalier Piti\u00e9-Salp\u00eatri\u00e8re<\/span><br \/>\n<span style=\"color: #ffffff;\">B\u00e2timent Roger Baillet<\/span><br \/>\n<span style=\"color: #ffffff;\">83 bd de l\u2019H\u00f4pital \u2013 75651 Paris Cedex 13<\/span><\/p>\n<\/div><\/section><\/div><div class='av-flex-placeholder'><\/div><div class=\"flex_column av_two_third  flex_column_table_cell av-equal-height-column av-align-middle   avia-builder-el-2  el_after_av_one_third  avia-builder-el-last  \" style='background: #ffc731; padding:5%; background-color:#ffc731; border-radius:10px; '><form action=\"https:\/\/alzheimer-formation.org\/index.php\/contact\/\" method=\"post\"  class=\"avia_ajax_form av-form-labels-visible   avia-builder-el-3  avia-builder-el-no-sibling   \" data-avia-form-id=\"1\" data-avia-redirect='' ><h3 class=''>Envoyez-nous un mail<\/h3><fieldset><p class='  first_form  form_element form_element_half' id='element_avia_1_1'><label for=\"avia_1_1\">Nom <abbr class=\"required\" title=\"requis\">*<\/abbr><\/label> <input name=\"avia_1_1\" class=\"text_input is_empty\" type=\"text\" id=\"avia_1_1\" value=\"\" \/><\/p><p class='  form_element form_element_half' id='element_avia_2_1'><label for=\"avia_2_1\">Pr\u00e9nom <abbr class=\"required\" title=\"requis\">*<\/abbr><\/label> <input name=\"avia_2_1\" class=\"text_input is_empty\" type=\"text\" id=\"avia_2_1\" value=\"\" \/><\/p><p class='  first_form  form_element form_fullwidth' id='element_avia_3_1'><label for=\"avia_3_1\">Adresse mail <abbr class=\"required\" title=\"requis\">*<\/abbr><\/label> <input name=\"avia_3_1\" class=\"text_input is_email\" type=\"text\" id=\"avia_3_1\" value=\"\" \/><\/p><p class='  first_form  form_element form_fullwidth' id='element_avia_4_1'><label for=\"avia_4_1\">N\u00b0 de t\u00e9l\u00e9phone <abbr class=\"required\" title=\"requis\">*<\/abbr><\/label> <input name=\"avia_4_1\" class=\"text_input is_phone\" type=\"text\" id=\"avia_4_1\" value=\"\" \/><\/p><p class='  first_form  form_element form_fullwidth av-last-visible-form-element' id='element_avia_5_1'><label for=\"avia_5_1\" class=\"textare_label hidden textare_label_avia_5_1\">Message <abbr class=\"required\" title=\"requis\">*<\/abbr><\/label><textarea  name=\"avia_5_1\" class=\"text_area is_empty\" cols=\"40\" rows=\"7\" id=\"avia_5_1\" ><\/textarea><\/p><p class=\"hidden\"><input type=\"text\" name=\"avia_6_1\" class=\"hidden \" id=\"avia_6_1\" value=\"\" \/><\/p><p class=\"form_element \"><input type=\"hidden\" value=\"1\" name=\"avia_generated_form1\" \/><input type=\"submit\" value=\"Valider\" class=\"button\"  data-sending-label=\"Envoi\"\/><\/p><\/fieldset><\/form><div id=\"ajaxresponse_1\" class=\"ajaxresponse ajaxresponse_1 hidden\"><\/div><\/div><\/div><!--close column table wrapper. Autoclose: 1 --><\/p>\n","protected":false},"excerpt":{"rendered":"","protected":false},"author":1,"featured_media":0,"parent":0,"menu_order":0,"comment_status":"closed","ping_status":"closed","template":"","meta":[],"_links":{"self":[{"href":"https:\/\/alzheimer-formation.org\/index.php\/wp-json\/wp\/v2\/pages\/25"}],"collection":[{"href":"https:\/\/alzheimer-formation.org\/index.php\/wp-json\/wp\/v2\/pages"}],"about":[{"href":"https:\/\/alzheimer-formation.org\/index.php\/wp-json\/wp\/v2\/types\/page"}],"author":[{"embeddable":true,"href":"https:\/\/alzheimer-formation.org\/index.php\/wp-json\/wp\/v2\/users\/1"}],"replies":[{"embeddable":true,"href":"https:\/\/alzheimer-formation.org\/index.php\/wp-json\/wp\/v2\/comments?post=25"}],"version-history":[{"count":5,"href":"https:\/\/alzheimer-formation.org\/index.php\/wp-json\/wp\/v2\/pages\/25\/revisions"}],"predecessor-version":[{"id":250,"href":"https:\/\/alzheimer-formation.org\/index.php\/wp-json\/wp\/v2\/pages\/25\/revisions\/250"}],"wp:attachment":[{"href":"https:\/\/alzheimer-formation.org\/index.php\/wp-json\/wp\/v2\/media?parent=25"}],"curies":[{"name":"wp","href":"https:\/\/api.w.org\/{rel}","templated":true}]}}