{"id":653,"date":"2023-04-11T11:03:43","date_gmt":"2023-04-11T09:03:43","guid":{"rendered":"https:\/\/alzheimer-formation.org\/?page_id=653"},"modified":"2025-06-16T17:28:48","modified_gmt":"2025-06-16T15:28:48","slug":"653-2","status":"publish","type":"page","link":"https:\/\/alzheimer-formation.org\/index.php\/653-2\/","title":{"rendered":"MONTPELLIER"},"content":{"rendered":"<div class=\"flex_column av_one_full  flex_column_div first  avia-builder-el-0  el_before_av_one_full  avia-builder-el-first  \" style='background: #313ece; padding:5px; background-color:#313ece; border-radius:0px; '><section class=\"av_textblock_section \"  itemscope=\"itemscope\" itemtype=\"https:\/\/schema.org\/CreativeWork\" ><div class='avia_textblock  av_inherit_color '  style='color:#ffffff; '  itemprop=\"text\" ><h1><\/h1>\n<h1><\/h1>\n<h1 style=\"text-align: center;\">MONTPELLIER<\/h1>\n<h2 style=\"text-align: center;\">Formation &#8220;\u00c0 la rencontre de l&#8217;Alzheimer&#8221;<\/h2>\n<p style=\"text-align: center;\">\n<\/div><\/section><\/div>\n<div class=\"flex_column av_one_full  flex_column_div first  avia-builder-el-2  el_after_av_one_full  el_before_av_one_half  column-top-margin\" style='background: #313ece; padding:5px; background-color:#313ece; border-radius:0px; '><section class=\"av_textblock_section \"  itemscope=\"itemscope\" itemtype=\"https:\/\/schema.org\/CreativeWork\" ><div class='avia_textblock  av_inherit_color '  style='color:#ffffff; '  itemprop=\"text\" ><h1><\/h1>\n<h1><\/h1>\n<h2 style=\"text-align: center;\">3e \u00e9dition :<br \/>\nJeudi 16 octobre 2025<\/h2>\n<h3 style=\"text-align: center;\"><\/h3>\n<p style=\"text-align: center;\">\n<\/div><\/section><\/div>\n<div class=\"flex_column av_one_half  flex_column_div first  avia-builder-el-4  el_after_av_one_full  el_before_av_one_half  column-top-margin\" style='background: #313ece; padding:5%; background-color:#313ece; border-radius:30px; '><section class=\"av_textblock_section \"  itemscope=\"itemscope\" itemtype=\"https:\/\/schema.org\/CreativeWork\" ><div class='avia_textblock  av_inherit_color '  style='color:#ffffff; '  itemprop=\"text\" >\n<\/div><\/section><\/div><div class=\"flex_column av_one_half  flex_column_div   avia-builder-el-6  el_after_av_one_half  el_before_av_hr  column-top-margin\" style='padding:5%; border-radius:0px; '><section class=\"av_textblock_section \"  itemscope=\"itemscope\" itemtype=\"https:\/\/schema.org\/CreativeWork\" ><div class='avia_textblock  '   itemprop=\"text\" ><h3 class=\"p1\"><span class=\"s1\"><b>9H00 \u00e0 12H00\u00a0\u00a0<\/b><\/span><\/h3>\n<p class=\"p1\"><em><span class=\"s1\"><b>Formation \u201d \u00c0 la rencontre de l\u2019Alzheimer \u201d\u00a0<\/b><\/span><\/em><\/p>\n<p>Les objectifs de la formation sont :<\/p>\n<ul>\n<li>Comprendre la maladie et les comportements troubl\u00e9s<\/li>\n<li>Observer et accompagner la personne dans son environnement<\/li>\n<li>Int\u00e9grer, soutenir et faciliter le partenariat avec l\u2019aidant<\/li>\n<\/ul>\n<\/div><\/section><br \/>\n<div  style='height:30px' class='hr hr-invisible   avia-builder-el-8  el_after_av_textblock  el_before_av_image '><span class='hr-inner ' ><span class='hr-inner-style'><\/span><\/span><\/div><br \/>\n<div  class='avia-image-container  av-styling-    avia-builder-el-9  el_after_av_hr  el_before_av_button  avia-align-center '  itemprop=\"image\" itemscope=\"itemscope\" itemtype=\"https:\/\/schema.org\/ImageObject\"  ><div class='avia-image-container-inner'><div class='avia-image-overlay-wrap'><img class='wp-image-971 avia-img-lazy-loading-not-971 avia_image' src=\"https:\/\/alzheimer-formation.org\/wp-content\/uploads\/2025\/06\/STD-MONTPELLIER-Formation-Alzheimer-2024-1030x1030.png\" alt='' title='STD MONTPELLIER - Formation Alzheimer 2024' height=\"1030\" width=\"1030\"  itemprop=\"thumbnailUrl\" srcset=\"https:\/\/alzheimer-formation.org\/wp-content\/uploads\/2025\/06\/STD-MONTPELLIER-Formation-Alzheimer-2024-1030x1030.png 1030w, https:\/\/alzheimer-formation.org\/wp-content\/uploads\/2025\/06\/STD-MONTPELLIER-Formation-Alzheimer-2024-300x300.png 300w, https:\/\/alzheimer-formation.org\/wp-content\/uploads\/2025\/06\/STD-MONTPELLIER-Formation-Alzheimer-2024-80x80.png 80w, https:\/\/alzheimer-formation.org\/wp-content\/uploads\/2025\/06\/STD-MONTPELLIER-Formation-Alzheimer-2024-768x768.png 768w, https:\/\/alzheimer-formation.org\/wp-content\/uploads\/2025\/06\/STD-MONTPELLIER-Formation-Alzheimer-2024-36x36.png 36w, https:\/\/alzheimer-formation.org\/wp-content\/uploads\/2025\/06\/STD-MONTPELLIER-Formation-Alzheimer-2024-180x180.png 180w, https:\/\/alzheimer-formation.org\/wp-content\/uploads\/2025\/06\/STD-MONTPELLIER-Formation-Alzheimer-2024-705x705.png 705w, https:\/\/alzheimer-formation.org\/wp-content\/uploads\/2025\/06\/STD-MONTPELLIER-Formation-Alzheimer-2024.png 1181w\" sizes=\"(max-width: 1030px) 100vw, 1030px\" \/><\/div><\/div><\/div><br \/>\n<div  class='avia-button-wrap avia-button-center  avia-builder-el-10  el_after_av_image  avia-builder-el-last ' ><a href='https:\/\/entretiensalzheimer.org\/index.php\/9769-2\/' class='avia-button  avia-color-theme-color   avia-icon_select-yes-left-icon avia-size-medium avia-position-center ' target=\"_blank\" rel=\"noopener noreferrer\"><span class='avia_button_icon avia_button_icon_left ' aria-hidden='true' data-av_icon='\ue84e' data-av_iconfont='entypo-fontello'><\/span><span class='avia_iconbox_title' >Plus d\u2019informations sur Les Entretiens Alzheimer<\/span><\/a><\/div><\/p><\/div><\/p>\n<div  style=' margin-top:30px; margin-bottom:30px;'  class='hr hr-custom hr-center hr-icon-no   avia-builder-el-11  el_after_av_one_half  el_before_av_one_half '><span class='hr-inner  inner-border-av-border-fat' style=' width:70px; border-color:#2a2a5c;' ><span class='hr-inner-style'><\/span><\/span><\/div>\n<div class=\"flex_column av_one_half  flex_column_div av-zero-column-padding first  avia-builder-el-12  el_after_av_hr  el_before_av_one_half  \" style='border-radius:0px; '><section class=\"av_textblock_section \"  itemscope=\"itemscope\" itemtype=\"https:\/\/schema.org\/CreativeWork\" ><div class='avia_textblock  av_inherit_color '  style='color:#e6027d; '  itemprop=\"text\" ><h1 style=\"text-align: left;\">A PROPOS DE<\/h1>\n<\/div><\/section><br \/>\n<div  class='avia-image-container  av-styling-    avia-builder-el-14  el_after_av_textblock  el_before_av_hr  avia-align-left '  itemprop=\"image\" itemscope=\"itemscope\" itemtype=\"https:\/\/schema.org\/ImageObject\"  ><div class='avia-image-container-inner'><div class='avia-image-overlay-wrap'><img class='wp-image-288 avia-img-lazy-loading-not-288 avia_image' src=\"https:\/\/alzheimer-formation.org\/wp-content\/uploads\/2021\/10\/logo-LNA-Formation-300x56.jpg\" alt='' title='' height=\"56\" width=\"300\"  itemprop=\"thumbnailUrl\" srcset=\"https:\/\/alzheimer-formation.org\/wp-content\/uploads\/2021\/10\/logo-LNA-Formation-300x56.jpg 300w, https:\/\/alzheimer-formation.org\/wp-content\/uploads\/2021\/10\/logo-LNA-Formation-1030x191.jpg 1030w, https:\/\/alzheimer-formation.org\/wp-content\/uploads\/2021\/10\/logo-LNA-Formation-768x142.jpg 768w, https:\/\/alzheimer-formation.org\/wp-content\/uploads\/2021\/10\/logo-LNA-Formation-705x131.jpg 705w, https:\/\/alzheimer-formation.org\/wp-content\/uploads\/2021\/10\/logo-LNA-Formation.jpg 1132w\" sizes=\"(max-width: 300px) 100vw, 300px\" \/><\/div><\/div><\/div><br \/>\n<div  style='height:10px' class='hr hr-invisible   avia-builder-el-15  el_after_av_image  el_before_av_textblock '><span class='hr-inner ' ><span class='hr-inner-style'><\/span><\/span><\/div><br \/>\n<section class=\"av_textblock_section \"  itemscope=\"itemscope\" itemtype=\"https:\/\/schema.org\/CreativeWork\" ><div class='avia_textblock  '   itemprop=\"text\" ><p style=\"text-align: left;\">Cr\u00e9\u00e9e en 2006, l\u2019\u00e9cole interne LNA FORMATION s\u2019appuie sur un<br \/>\nr\u00e9seau de plus de 80 formateurs, diffusant leur savoir avec<br \/>\nenthousiasme sur pr\u00e8s de 50 th\u00e9matiques de formation.<\/p>\n<p style=\"text-align: left;\">LNA FORMATION est un partenaire privil\u00e9gi\u00e9 des \u00e9tablissements<br \/>\ndans le d\u00e9veloppement des comp\u00e9tences et l\u2019appropriation des<br \/>\nvaleurs port\u00e9es par le groupe depuis plus de 10 ans.<\/p>\n<\/div><\/section><\/p><\/div>\n<div class=\"flex_column av_one_half  flex_column_div av-zero-column-padding   avia-builder-el-17  el_after_av_one_half  el_before_av_hr  \" style='border-radius:0px; '><p><div  style='height:20px' class='hr hr-invisible   avia-builder-el-18  el_before_av_textblock  avia-builder-el-first '><span class='hr-inner ' ><span class='hr-inner-style'><\/span><\/span><\/div><br \/>\n<section class=\"av_textblock_section \"  itemscope=\"itemscope\" itemtype=\"https:\/\/schema.org\/CreativeWork\" ><div class='avia_textblock  '   itemprop=\"text\" ><h3 style=\"text-align: left;\">Qui sont les formateurs LNA ?<\/h3>\n<p style=\"text-align: left;\">Des professionnels exer\u00e7ant leur m\u00e9tier au sein des \u00e9tablissements, ils transmettent leur savoir, leur technique, partagent les valeurs et la culture du prendre soin.<\/p>\n<h3 style=\"text-align: left;\">Pourquoi des formateurs internes ?<\/h3>\n<p style=\"text-align: left;\">Faire appel \u00e0 des formateurs internes, avant tout professionnels de terrain, favorise le partage d\u2019exp\u00e9rience et la construction de comp\u00e9tences collectives. Cela permet de reconna\u00eetre et d\u00e9velopper les expertises existantes et constitue un facteur de motivation des formateurs et des form\u00e9s.<\/p>\n<\/div><\/section><\/p><\/div>\n<div  style='height:20px' class='hr hr-invisible   avia-builder-el-20  el_after_av_one_half  el_before_av_textblock '><span class='hr-inner ' ><span class='hr-inner-style'><\/span><\/span><\/div>\n<section class=\"av_textblock_section \"  itemscope=\"itemscope\" itemtype=\"https:\/\/schema.org\/CreativeWork\" ><div class='avia_textblock  av_inherit_color '  style='color:#e6027d; '  itemprop=\"text\" ><h2 style=\"text-align: center;\"><em>Le respect \u2013 Le sens du service \u2013 La confiance<\/em><\/h2>\n<h2 style=\"text-align: center;\"><em>L\u2019esprit d\u2019initiative \u2013 L\u2019engagement<\/em><\/h2>\n<\/div><\/section>\n","protected":false},"excerpt":{"rendered":"","protected":false},"author":2,"featured_media":0,"parent":0,"menu_order":0,"comment_status":"closed","ping_status":"closed","template":"","meta":[],"_links":{"self":[{"href":"https:\/\/alzheimer-formation.org\/index.php\/wp-json\/wp\/v2\/pages\/653"}],"collection":[{"href":"https:\/\/alzheimer-formation.org\/index.php\/wp-json\/wp\/v2\/pages"}],"about":[{"href":"https:\/\/alzheimer-formation.org\/index.php\/wp-json\/wp\/v2\/types\/page"}],"author":[{"embeddable":true,"href":"https:\/\/alzheimer-formation.org\/index.php\/wp-json\/wp\/v2\/users\/2"}],"replies":[{"embeddable":true,"href":"https:\/\/alzheimer-formation.org\/index.php\/wp-json\/wp\/v2\/comments?post=653"}],"version-history":[{"count":23,"href":"https:\/\/alzheimer-formation.org\/index.php\/wp-json\/wp\/v2\/pages\/653\/revisions"}],"predecessor-version":[{"id":976,"href":"https:\/\/alzheimer-formation.org\/index.php\/wp-json\/wp\/v2\/pages\/653\/revisions\/976"}],"wp:attachment":[{"href":"https:\/\/alzheimer-formation.org\/index.php\/wp-json\/wp\/v2\/media?parent=653"}],"curies":[{"name":"wp","href":"https:\/\/api.w.org\/{rel}","templated":true}]}}